{"id":7278,"date":"2020-12-21T09:16:15","date_gmt":"2020-12-21T07:16:15","guid":{"rendered":"https:\/\/www.windventures.gr\/find-your-flow-on-the-water\/"},"modified":"2022-05-03T09:07:19","modified_gmt":"2022-05-03T07:07:19","slug":"yoga-segeln-retreat-korfu","status":"publish","type":"page","link":"https:\/\/www.windventures.gr\/de\/yoga-segeln-retreat-korfu\/","title":{"rendered":"Yoga und Segel Retreats auf Korfu"},"content":{"rendered":"<div class=\"wpb-content-wrapper\"><p>[vc_section full_width=&#8220;stretch_row&#8220; content_placement=&#8220;middle&#8220; css=&#8220;.vc_custom_1611051887701{margin-top: 0px !important;margin-bottom: 0px !important;padding-top: 0px !important;padding-bottom: 0px !important;background-image: url(https:\/\/www.windventures.gr\/wp-content\/uploads\/2020\/12\/yoga-and-sailing-intro.jpg?id=4591) !important;background-position: center !important;background-repeat: no-repeat !important;background-size: cover !important;}&#8220; el_id=&#8220;yoga-intro&#8220;][vc_row full_width=&#8220;stretch_row&#8220; css=&#8220;.vc_custom_1610348773682{padding-top: 0px !important;padding-bottom: 0px !important;}&#8220;][vc_column width=&#8220;2\/3&#8243; css=&#8220;.vc_custom_1608534939094{margin-top: 0px !important;}&#8220;]<div id=\"ultimate-heading-172069f2f8243f817\" class=\"uvc-heading ult-adjust-bottom-margin ultimate-heading-172069f2f8243f817 uvc-3417 pk-title\" data-hspacer=\"no_spacer\"  data-halign=\"left\" style=\"text-align:left\"><div class=\"uvc-heading-spacer no_spacer\" style=\"top\"><\/div><div class=\"uvc-main-heading ult-responsive\"  data-ultimate-target='.uvc-heading.ultimate-heading-172069f2f8243f817 h1'  data-responsive-json-new='{\"font-size\":\"desktop:18px;mobile_landscape:16px;\",\"line-height\":\"desktop:25px;mobile_landscape:23px;\"}' ><h1 style=\"font-family:&#039;Montserrat&#039;;font-style:italic;font-weight:500;color:#ffffff;margin-top:0px;margin-bottom:0px;\">Yoga und Segel Retreats auf Korfu<\/h1><\/div><\/div><div id=\"ultimate-heading-688669f2f8243f891\" class=\"uvc-heading ult-adjust-bottom-margin ultimate-heading-688669f2f8243f891 uvc-8346 pk-title\" data-hspacer=\"no_spacer\"  data-halign=\"left\" style=\"text-align:left\"><div class=\"uvc-heading-spacer no_spacer\" style=\"top\"><\/div><div class=\"uvc-main-heading ult-responsive\"  data-ultimate-target='.uvc-heading.ultimate-heading-688669f2f8243f891 div'  data-responsive-json-new='{\"font-size\":\"desktop:43px;tablet:40px;tablet_portrait:40px;mobile_landscape:33px;mobile:33px;\",\"line-height\":\"desktop:50px;tablet:47px;tablet_portrait:47px;mobile_landscape:40px;mobile:40px;\"}' ><div style=\"font-family:&#039;EB Garamond&#039;;font-style:italic;font-weight:500;color:#ffffff;margin-bottom:10px;\">Finde Deinen Flow auf dem Wasser<\/div><\/div><div class=\"uvc-sub-heading ult-responsive\"  data-ultimate-target='.uvc-heading.ultimate-heading-688669f2f8243f891 .uvc-sub-heading '  data-responsive-json-new='{\"font-size\":\"desktop:24px;tablet:22px;tablet_portrait:22px;mobile_landscape:20px;mobile:20px;\",\"line-height\":\"desktop:31px;tablet:29px;tablet_portrait:29px;mobile_landscape:27px;mobile:27px;\"}'  style=\"font-family:&#039;Montserrat&#039;;font-style:italic;font-weight:normal;color:#ffffff;margin-top:0px;margin-bottom:0px;\">Yoga &amp; Segeln Retreats f\u00fcr kleine Gruppen mit erstklassigen Lehrern und besonderen Akzenten<\/div><\/div>[\/vc_column][vc_column width=&#8220;1\/3&#8243;][\/vc_column][\/vc_row][\/vc_section][vc_row full_width=&#8220;stretch_row&#8220;][vc_column css=&#8220;.vc_custom_1608198548314{margin-top: 0px !important;margin-bottom: 0px !important;padding-top: 0px !important;padding-bottom: 0px !important;}&#8220;][vc_column_text]<\/p>\n<blockquote class=\"aw-quote\"><p>\u201cSei Wasser, mein Freund. Leere deinen Geist. Sei ohne Form. Ohne Gestalt. Wie Wasser. Gibt man Wasser in eine Tasse, wird es die Tasse. Gibt man Wasser in eine Flasche, wird es die Flasche. Gibt man Wasser in eine Teekanne, wird es die Teekanne. Wasser kann flie\u00dfen oder zermalmen. Sei Wasser, mein Freund.\u201d<\/p>\n<footer>BRUCE LEE<\/footer>\n<\/blockquote>\n<p>[\/vc_column_text][\/vc_column][\/vc_row][vc_row full_width=&#8220;stretch_row_content_no_spaces&#8220; equal_height=&#8220;yes&#8220; content_placement=&#8220;middle&#8220; el_class=&#8220;yoga-menu&#8220; css=&#8220;.vc_custom_1611571166629{padding-top: 0px !important;padding-bottom: 0px !important;}&#8220;][vc_column css=&#8220;.vc_custom_1608108912767{padding-top: 0px !important;}&#8220;]<div class=\"ult-content-box-container yoga-box\" >\t<a class=\"ult-content-box-anchor\" href=\"https:\/\/www.windventures.gr\/de\/yoga-segeln-retreat-korfu\/yoga-segel-retreat-mit-ajanta\/\" title=\"Hippokrates und Meer: Yoga und Segelreise mit Ajanta\" >\t\t<div class=\"ult-content-box\" style=\"background-color:#32445e;box-shadow: px px px px none;padding:20px;margin:0px;-webkit-transition: all 700ms ease;-moz-transition: all 700ms ease;-ms-transition: all 700ms ease;-o-transition: all 700ms ease;transition: all 700ms ease;\"  data-hover_box_shadow=\"none\"    data-normal_margins=\"margin:0px;\"   data-bg=\"#32445e\" >[vc_column_text]<\/p>\n<h2>\u201cHippokrates und Meer: Yoga und Segeln mit Ajanta\u201d<\/h2>\n<p>AUF ANFRAGE<br \/>\nKORFU \u0095 GRIECHENLAND[\/vc_column_text][vc_single_image image=&#8220;5278&#8243; img_size=&#8220;600&#215;600&#8243; alignment=&#8220;center&#8220; image_hovers=&#8220;false&#8220; lazy_loading=&#8220;true&#8220; css=&#8220;.vc_custom_1611053331871{margin-bottom: 0px !important;}&#8220;]\t\t<\/div>\t<\/a><\/div><div class=\"ult-content-box-container yoga-box\" >\t<a class=\"ult-content-box-anchor\" href=\"https:\/\/www.windventures.gr\/de\/yoga-segeln-retreat-korfu\/flos-flow\/\" title=\"Flo&#039;s Flow\" >\t\t<div class=\"ult-content-box\" style=\"background-color:#e8e7e0;box-shadow: px px px px none;padding:20px;margin:0px;-webkit-transition: all 700ms ease;-moz-transition: all 700ms ease;-ms-transition: all 700ms ease;-o-transition: all 700ms ease;transition: all 700ms ease;\"  data-hover_box_shadow=\"none\"    data-normal_margins=\"margin:0px;\"   data-bg=\"#e8e7e0\" >[vc_single_image image=&#8220;8177&#8243; img_size=&#8220;600&#215;600&#8243; alignment=&#8220;center&#8220; image_hovers=&#8220;false&#8220; lazy_loading=&#8220;true&#8220; css=&#8220;.vc_custom_1638368749994{margin-bottom: 0px !important;}&#8220;][vc_column_text]<\/p>\n<h2>\u201cFlo&#8217;s Flow: Die Segelreise\u201d<\/h2>\n<p>AUF ANFRAGE<br \/>\nKORFU \u0095 GRIECHENLAND[\/vc_column_text]\t\t<\/div>\t<\/a><\/div><div class=\"ult-content-box-container yoga-quote\" >\t\t<div class=\"ult-content-box\" style=\"background-color:#32445e;box-shadow: px px px px none;padding:20px;-webkit-transition: all 700ms ease;-moz-transition: all 700ms ease;-ms-transition: all 700ms ease;-o-transition: all 700ms ease;transition: all 700ms ease;\"  data-hover_box_shadow=\"none\"     data-bg=\"#32445e\" >[vc_column_text]<\/p>\n<h2>\u201cDie Heilung f\u00fcr alles ist Salzwasser: Schwei\u00df, Tr\u00e4nen oder das Meer\u201d<\/h2>\n<p>ISAK DENISEN alias KAREN BLIXEN[\/vc_column_text][vc_single_image image=&#8220;4631&#8243; img_size=&#8220;large&#8220; alignment=&#8220;center&#8220; image_hovers=&#8220;false&#8220; lazy_loading=&#8220;true&#8220; css=&#8220;.vc_custom_1608204227600{margin-bottom: 0px !important;}&#8220;]\t\t<\/div><\/div>[\/vc_column][\/vc_row][vc_row full_width=&#8220;stretch_row_content&#8220; bg_type=&#8220;bg_color&#8220; bg_color_value=&#8220;#dad7d0&#8243; css=&#8220;.vc_custom_1611567953582{padding-top: 30px !important;padding-bottom: 30px !important;}&#8220;][vc_column css=&#8220;.vc_custom_1608203847510{margin-top: 0px !important;margin-bottom: 0px !important;padding-top: 0px !important;padding-bottom: 0px !important;}&#8220;]<div id=\"ultimate-heading-76769f2f8243f9b2\" class=\"uvc-heading ult-adjust-bottom-margin ultimate-heading-76769f2f8243f9b2 uvc-1728 \" data-hspacer=\"no_spacer\"  data-halign=\"center\" style=\"text-align:center\"><div class=\"uvc-heading-spacer no_spacer\" style=\"top\"><\/div><div class=\"uvc-main-heading ult-responsive\"  data-ultimate-target='.uvc-heading.ultimate-heading-76769f2f8243f9b2 div'  data-responsive-json-new='{\"font-size\":\"desktop:22px;mobile_landscape:17px;mobile:17px;\",\"line-height\":\"desktop:29px;mobile_landscape:24px;mobile:24px;\"}' ><div style=\"font-family:&#039;Montserrat&#039;;font-style:italic;--font-weight:theme;\">Das Meer ist ein m\u00e4chtiger Verb\u00fcndeter f\u00fcr jedes Yoga Retreat, es bewirkt, dass Meditationen und Asanas m\u00fcheloser fliessen<\/div><\/div><\/div>[\/vc_column][\/vc_row]<\/p>\n<\/div>","protected":false},"excerpt":{"rendered":"<p>[vc_section full_width=&#8220;stretch_row&#8220; content_placement=&#8220;middle&#8220; css=&#8220;.vc_custom_1611051887701{margin-top: 0px !important;margin-bottom: 0px !important;padding-top: 0px !important;padding-bottom: 0px !important;background-image: url(https:\/\/www.windventures.gr\/wp-content\/uploads\/2020\/12\/yoga-and-sailing-intro.jpg?id=4591) !important;background-position: center !important;background-repeat: no-repeat !important;background-size: cover !important;}&#8220; el_id=&#8220;yoga-intro&#8220;][vc_row full_width=&#8220;stretch_row&#8220; css=&#8220;.vc_custom_1610348773682{padding-top: 0px !important;padding-bottom: 0px !important;}&#8220;][vc_column width=&#8220;2\/3&#8243; css=&#8220;.vc_custom_1608534939094{margin-top: 0px !important;}&#8220;][\/vc_column][vc_column width=&#8220;1\/3&#8243;][\/vc_column][\/vc_row][\/vc_section][vc_row full_width=&#8220;stretch_row&#8220;][vc_column css=&#8220;.vc_custom_1608198548314{margin-top: 0px !important;margin-bottom: 0px !important;padding-top: 0px !important;padding-bottom: 0px !important;}&#8220;][vc_column_text] \u201cSei Wasser, mein Freund. Leere deinen Geist. Sei ohne Form. Ohne Gestalt. Wie&hellip;<\/p>\n","protected":false},"author":4,"featured_media":7417,"parent":0,"menu_order":0,"comment_status":"closed","ping_status":"closed","template":"template-microsite.php","meta":{"om_disable_all_campaigns":false,"_monsterinsights_skip_tracking":false,"_monsterinsights_sitenote_active":false,"_monsterinsights_sitenote_note":"","_monsterinsights_sitenote_category":0,"footnotes":""},"class_list":["post-7278","page","type-page","status-publish","has-post-thumbnail","hentry","description-off"],"yoast_head":"<!-- This site is optimized with the Yoast SEO plugin v26.4 - https:\/\/yoast.com\/wordpress\/plugins\/seo\/ -->\n<title>Einzigartige Yoga und Segel Retreats f\u00fcr private Kleingruppen auf Korfu<\/title>\n<meta name=\"description\" content=\"G\u00f6nnt Euch das! Yoga Retreats unter Freunden - eine elegante Segelyacht, top Lehrer, individuelle Akzente, Privatkoch und ein Hauch Luxus\" \/>\n<meta name=\"robots\" content=\"index, nofollow, max-snippet:-1, max-image-preview:large, max-video-preview:-1\" \/>\n<link rel=\"canonical\" href=\"https:\/\/www.windventures.gr\/de\/yoga-segeln-retreat-korfu\/\" \/>\n<meta property=\"og:locale\" content=\"de_DE\" \/>\n<meta property=\"og:type\" content=\"article\" \/>\n<meta property=\"og:title\" content=\"Einzigartige Yoga und Segel Retreats f\u00fcr private Kleingruppen auf Korfu\" \/>\n<meta property=\"og:description\" content=\"G\u00f6nnt Euch das! Yoga Retreats unter Freunden - eine elegante Segelyacht, top Lehrer, individuelle Akzente, Privatkoch und ein Hauch Luxus\" \/>\n<meta property=\"og:url\" content=\"https:\/\/www.windventures.gr\/de\/yoga-segeln-retreat-korfu\/\" \/>\n<meta property=\"og:site_name\" content=\"Windventures\" \/>\n<meta property=\"article:publisher\" content=\"https:\/\/www.facebook.com\/windventures\/\" \/>\n<meta property=\"article:modified_time\" content=\"2022-05-03T07:07:19+00:00\" \/>\n<meta property=\"og:image\" content=\"https:\/\/www.windventures.gr\/wp-content\/uploads\/2021\/01\/corfu-yoga-sailing-retreats-fb.jpg\" \/>\n\t<meta property=\"og:image:width\" content=\"1200\" \/>\n\t<meta property=\"og:image:height\" content=\"630\" \/>\n\t<meta property=\"og:image:type\" content=\"image\/jpeg\" \/>\n<meta name=\"twitter:card\" content=\"summary_large_image\" \/>\n<meta name=\"twitter:label1\" content=\"Gesch\u00e4tzte Lesezeit\" \/>\n\t<meta name=\"twitter:data1\" content=\"2\u00a0Minuten\" \/>\n<script type=\"application\/ld+json\" class=\"yoast-schema-graph\">{\"@context\":\"https:\/\/schema.org\",\"@graph\":[{\"@type\":\"WebPage\",\"@id\":\"https:\/\/www.windventures.gr\/de\/yoga-segeln-retreat-korfu\/\",\"url\":\"https:\/\/www.windventures.gr\/de\/yoga-segeln-retreat-korfu\/\",\"name\":\"Einzigartige Yoga und Segel Retreats f\u00fcr private Kleingruppen auf Korfu\",\"isPartOf\":{\"@id\":\"https:\/\/www.windventures.gr\/de\/#website\"},\"primaryImageOfPage\":{\"@id\":\"https:\/\/www.windventures.gr\/de\/yoga-segeln-retreat-korfu\/#primaryimage\"},\"image\":{\"@id\":\"https:\/\/www.windventures.gr\/de\/yoga-segeln-retreat-korfu\/#primaryimage\"},\"thumbnailUrl\":\"https:\/\/www.windventures.gr\/wp-content\/uploads\/2021\/01\/corfu-yoga-sailing-retreats-fb.jpg\",\"datePublished\":\"2020-12-21T07:16:15+00:00\",\"dateModified\":\"2022-05-03T07:07:19+00:00\",\"description\":\"G\u00f6nnt Euch das! Yoga Retreats unter Freunden - eine elegante Segelyacht, top Lehrer, individuelle Akzente, Privatkoch und ein Hauch Luxus\",\"breadcrumb\":{\"@id\":\"https:\/\/www.windventures.gr\/de\/yoga-segeln-retreat-korfu\/#breadcrumb\"},\"inLanguage\":\"de\",\"potentialAction\":[{\"@type\":\"ReadAction\",\"target\":[\"https:\/\/www.windventures.gr\/de\/yoga-segeln-retreat-korfu\/\"]}]},{\"@type\":\"ImageObject\",\"inLanguage\":\"de\",\"@id\":\"https:\/\/www.windventures.gr\/de\/yoga-segeln-retreat-korfu\/#primaryimage\",\"url\":\"https:\/\/www.windventures.gr\/wp-content\/uploads\/2021\/01\/corfu-yoga-sailing-retreats-fb.jpg\",\"contentUrl\":\"https:\/\/www.windventures.gr\/wp-content\/uploads\/2021\/01\/corfu-yoga-sailing-retreats-fb.jpg\",\"width\":1200,\"height\":630,\"caption\":\"Corfu Yoga Sailing Retreats - Find Your Flow on the Water\"},{\"@type\":\"BreadcrumbList\",\"@id\":\"https:\/\/www.windventures.gr\/de\/yoga-segeln-retreat-korfu\/#breadcrumb\",\"itemListElement\":[{\"@type\":\"ListItem\",\"position\":1,\"name\":\"Home\",\"item\":\"https:\/\/www.windventures.gr\/de\/\"},{\"@type\":\"ListItem\",\"position\":2,\"name\":\"Yoga und Segel Retreats auf Korfu\"}]},{\"@type\":\"WebSite\",\"@id\":\"https:\/\/www.windventures.gr\/de\/#website\",\"url\":\"https:\/\/www.windventures.gr\/de\/\",\"name\":\"Windventures\",\"description\":\"Bespoke Sailing\",\"publisher\":{\"@id\":\"https:\/\/www.windventures.gr\/de\/#organization\"},\"potentialAction\":[{\"@type\":\"SearchAction\",\"target\":{\"@type\":\"EntryPoint\",\"urlTemplate\":\"https:\/\/www.windventures.gr\/de\/?s={search_term_string}\"},\"query-input\":{\"@type\":\"PropertyValueSpecification\",\"valueRequired\":true,\"valueName\":\"search_term_string\"}}],\"inLanguage\":\"de\"},{\"@type\":\"Organization\",\"@id\":\"https:\/\/www.windventures.gr\/de\/#organization\",\"name\":\"Windventures\",\"url\":\"https:\/\/www.windventures.gr\/de\/\",\"logo\":{\"@type\":\"ImageObject\",\"inLanguage\":\"de\",\"@id\":\"https:\/\/www.windventures.gr\/de\/#\/schema\/logo\/image\/\",\"url\":\"https:\/\/www.windventures.gr\/wp-content\/uploads\/2020\/11\/windventures-tailormade-yacht-charters-cruises-ionian.jpg\",\"contentUrl\":\"https:\/\/www.windventures.gr\/wp-content\/uploads\/2020\/11\/windventures-tailormade-yacht-charters-cruises-ionian.jpg\",\"width\":222,\"height\":222,\"caption\":\"Windventures\"},\"image\":{\"@id\":\"https:\/\/www.windventures.gr\/de\/#\/schema\/logo\/image\/\"},\"sameAs\":[\"https:\/\/www.facebook.com\/windventures\/\",\"https:\/\/www.instagram.com\/windventures_\/\"]}]}<\/script>\n<!-- \/ Yoast SEO plugin. -->","yoast_head_json":{"title":"Einzigartige Yoga und Segel Retreats f\u00fcr private Kleingruppen auf Korfu","description":"G\u00f6nnt Euch das! Yoga Retreats unter Freunden - eine elegante Segelyacht, top Lehrer, individuelle Akzente, Privatkoch und ein Hauch Luxus","robots":{"index":"index","follow":"nofollow","max-snippet":"max-snippet:-1","max-image-preview":"max-image-preview:large","max-video-preview":"max-video-preview:-1"},"canonical":"https:\/\/www.windventures.gr\/de\/yoga-segeln-retreat-korfu\/","og_locale":"de_DE","og_type":"article","og_title":"Einzigartige Yoga und Segel Retreats f\u00fcr private Kleingruppen auf Korfu","og_description":"G\u00f6nnt Euch das! Yoga Retreats unter Freunden - eine elegante Segelyacht, top Lehrer, individuelle Akzente, Privatkoch und ein Hauch Luxus","og_url":"https:\/\/www.windventures.gr\/de\/yoga-segeln-retreat-korfu\/","og_site_name":"Windventures","article_publisher":"https:\/\/www.facebook.com\/windventures\/","article_modified_time":"2022-05-03T07:07:19+00:00","og_image":[{"width":1200,"height":630,"url":"https:\/\/www.windventures.gr\/wp-content\/uploads\/2021\/01\/corfu-yoga-sailing-retreats-fb.jpg","type":"image\/jpeg"}],"twitter_card":"summary_large_image","twitter_misc":{"Gesch\u00e4tzte Lesezeit":"2\u00a0Minuten"},"schema":{"@context":"https:\/\/schema.org","@graph":[{"@type":"WebPage","@id":"https:\/\/www.windventures.gr\/de\/yoga-segeln-retreat-korfu\/","url":"https:\/\/www.windventures.gr\/de\/yoga-segeln-retreat-korfu\/","name":"Einzigartige Yoga und Segel Retreats f\u00fcr private Kleingruppen auf Korfu","isPartOf":{"@id":"https:\/\/www.windventures.gr\/de\/#website"},"primaryImageOfPage":{"@id":"https:\/\/www.windventures.gr\/de\/yoga-segeln-retreat-korfu\/#primaryimage"},"image":{"@id":"https:\/\/www.windventures.gr\/de\/yoga-segeln-retreat-korfu\/#primaryimage"},"thumbnailUrl":"https:\/\/www.windventures.gr\/wp-content\/uploads\/2021\/01\/corfu-yoga-sailing-retreats-fb.jpg","datePublished":"2020-12-21T07:16:15+00:00","dateModified":"2022-05-03T07:07:19+00:00","description":"G\u00f6nnt Euch das! Yoga Retreats unter Freunden - eine elegante Segelyacht, top Lehrer, individuelle Akzente, Privatkoch und ein Hauch Luxus","breadcrumb":{"@id":"https:\/\/www.windventures.gr\/de\/yoga-segeln-retreat-korfu\/#breadcrumb"},"inLanguage":"de","potentialAction":[{"@type":"ReadAction","target":["https:\/\/www.windventures.gr\/de\/yoga-segeln-retreat-korfu\/"]}]},{"@type":"ImageObject","inLanguage":"de","@id":"https:\/\/www.windventures.gr\/de\/yoga-segeln-retreat-korfu\/#primaryimage","url":"https:\/\/www.windventures.gr\/wp-content\/uploads\/2021\/01\/corfu-yoga-sailing-retreats-fb.jpg","contentUrl":"https:\/\/www.windventures.gr\/wp-content\/uploads\/2021\/01\/corfu-yoga-sailing-retreats-fb.jpg","width":1200,"height":630,"caption":"Corfu Yoga Sailing Retreats - Find Your Flow on the Water"},{"@type":"BreadcrumbList","@id":"https:\/\/www.windventures.gr\/de\/yoga-segeln-retreat-korfu\/#breadcrumb","itemListElement":[{"@type":"ListItem","position":1,"name":"Home","item":"https:\/\/www.windventures.gr\/de\/"},{"@type":"ListItem","position":2,"name":"Yoga und Segel Retreats auf Korfu"}]},{"@type":"WebSite","@id":"https:\/\/www.windventures.gr\/de\/#website","url":"https:\/\/www.windventures.gr\/de\/","name":"Windventures","description":"Bespoke Sailing","publisher":{"@id":"https:\/\/www.windventures.gr\/de\/#organization"},"potentialAction":[{"@type":"SearchAction","target":{"@type":"EntryPoint","urlTemplate":"https:\/\/www.windventures.gr\/de\/?s={search_term_string}"},"query-input":{"@type":"PropertyValueSpecification","valueRequired":true,"valueName":"search_term_string"}}],"inLanguage":"de"},{"@type":"Organization","@id":"https:\/\/www.windventures.gr\/de\/#organization","name":"Windventures","url":"https:\/\/www.windventures.gr\/de\/","logo":{"@type":"ImageObject","inLanguage":"de","@id":"https:\/\/www.windventures.gr\/de\/#\/schema\/logo\/image\/","url":"https:\/\/www.windventures.gr\/wp-content\/uploads\/2020\/11\/windventures-tailormade-yacht-charters-cruises-ionian.jpg","contentUrl":"https:\/\/www.windventures.gr\/wp-content\/uploads\/2020\/11\/windventures-tailormade-yacht-charters-cruises-ionian.jpg","width":222,"height":222,"caption":"Windventures"},"image":{"@id":"https:\/\/www.windventures.gr\/de\/#\/schema\/logo\/image\/"},"sameAs":["https:\/\/www.facebook.com\/windventures\/","https:\/\/www.instagram.com\/windventures_\/"]}]}},"_links":{"self":[{"href":"https:\/\/www.windventures.gr\/de\/wp-json\/wp\/v2\/pages\/7278","targetHints":{"allow":["GET"]}}],"collection":[{"href":"https:\/\/www.windventures.gr\/de\/wp-json\/wp\/v2\/pages"}],"about":[{"href":"https:\/\/www.windventures.gr\/de\/wp-json\/wp\/v2\/types\/page"}],"author":[{"embeddable":true,"href":"https:\/\/www.windventures.gr\/de\/wp-json\/wp\/v2\/users\/4"}],"replies":[{"embeddable":true,"href":"https:\/\/www.windventures.gr\/de\/wp-json\/wp\/v2\/comments?post=7278"}],"version-history":[{"count":9,"href":"https:\/\/www.windventures.gr\/de\/wp-json\/wp\/v2\/pages\/7278\/revisions"}],"predecessor-version":[{"id":8425,"href":"https:\/\/www.windventures.gr\/de\/wp-json\/wp\/v2\/pages\/7278\/revisions\/8425"}],"wp:featuredmedia":[{"embeddable":true,"href":"https:\/\/www.windventures.gr\/de\/wp-json\/wp\/v2\/media\/7417"}],"wp:attachment":[{"href":"https:\/\/www.windventures.gr\/de\/wp-json\/wp\/v2\/media?parent=7278"}],"curies":[{"name":"wp","href":"https:\/\/api.w.org\/{rel}","templated":true}]}}